{"id":172,"date":"2015-12-30T09:48:13","date_gmt":"2015-12-30T08:48:13","guid":{"rendered":"http:\/\/www.dajane.cz\/?page_id=172"},"modified":"2016-01-12T17:17:37","modified_gmt":"2016-01-12T16:17:37","slug":"kontakt","status":"publish","type":"page","link":"https:\/\/www.dajane.cz\/de\/kontakt\/","title":{"rendered":"Kontakt"},"content":{"rendered":"<p><div class=\"one_half name of animation\"><br \/>\n<iframe loading=\"lazy\" class=\"img_dajane\" src=\"https:\/\/www.google.com\/maps\/embed?pb=!1m18!1m12!1m3!1d2560.3966872865817!2d14.488316115577232!3d50.078859421951044!2m3!1f0!2f0!3f0!3m2!1i1024!2i768!4f13.1!3m3!1m2!1s0x470b93143e86d65f%3A0xc722ec813731268b!2sNa+Vinici+602%2F20%2C+Stra%C5%A1nice%2C+100+00+Praha-Praha+10!5e0!3m2!1scs!2scz!4v1450449737601\" width=\"516\" height=\"200\" frameborder=\"0\"><\/iframe><br \/>\n<\/div><\/p>\n<div class=\"one_half name of animation last_column\"><\/p>\n<div class=\"contact_info\" style=\"float: none; padding-top: 20px;\">\n<h5>Penzion Dajane<\/h5>\n<p>Na Vinici 602\/20<br \/>\n100 00 Praha 10<\/p>\n<p>Telefon: +420 773 507 563<br \/>\nE-mail: <a href=\"mailto:penzion@dajane.cz\">penzion@dajane.cz<\/a><br \/>\nWeb: <a href=\"http:\/\/www.dajane.cz\">www.dajane.cz<\/a><\/p>\n<\/div>\n<p><\/div>\n<p><div class=\"clear\"><\/div><br \/>\n<div style=\"clear:both; min-height:20px; margin:25px 0; height:20px; background:url(https:\/\/www.dajane.cz\/wp-content\/themes\/skt_hotel\/images\/hr_double.png) repeat-x center center transparent;\"><\/div><\/p>\n<h3>Wie kommen Sie zu uns?<\/h3>\n<div class=\"one_half name of animation\"><br \/>\n<div class=\"accordion-wrapper\"><p><\/p>\n<h3 class=\"accordion-toggle\"><a href=\"#\">Wenn Sie mit Zug auf den Hauptbahnhof kommen:<\/a><\/h3>\n<div class=\"accordion-container\">\n<div class=\"content-block\">\n<p>\nAus Hauptbahnhof k\u00f6nnen Sie am besten mit U-Bahn C und A kommen. Wenn Sie an der U-Bahn auf die Station Hauptbahnhof eintretten, fahren Sie f\u00fcr eine Station an Station Muzeum und steigen um an die Trasse A \u2013 die Richtung Skalka und Sie aussteigen aus an der Station Stra\u0161nick\u00e1.<\/p>\n<p>Von hier k\u00f6nnen Sie entweder zu Fu\u00df kommen (siehe Plan) nat\u00fcrlich wenn Sie nicht mit Reisegep\u00e4ck beladen sind, oder Sie fahren noch 2 Stationen mit S-Bahn Nr. 7, nach H\u00fcgel in die Richtung Hostiva\u0159, in die Station Vinice. So kommen Sie von Punkt 1 auf der Landkarte bis Punkt 2. Weiter nur zu Fuss. Es ist nicht weit, aber ein bisschen \u00fcber H\u00fcgel..Sie durchfahren nach oben in den Park in die Stra\u00dfe R\u00e9vov\u00e1 und die zweite Stra\u00dfe links ist ,,Na Vinici, wir sind gleich das erste Eckhaus. Der letzte Abschnitt ist vor Kreuzung Vinice (links Punkt 2) Sie k\u00f6nnen einfach gerade aus hinaufgehen in die Stra\u00dfe Na Palouku und die dritte Stra\u00dfe nach rechts (der gr\u00fcne Pfeil).<\/p>\n<p>Wenn Sie m\u00f6chten nur mit S-Bahn fahren, gehen Sie zu Fuss aus dem Hauptbahnhof in die Richtung Wenzelsplatz und gehen Svobodn\u00e1 Europa vorbei zum Nationalmuseum,  \u00fcber den finden Sie die S-bahn Station.Von hier fahren Sie mit Bahn Nr. 11 durch den Vinohradsk\u00e1 t\u0159\u00edda bis in die Station Vinice, jetzt sind Sie wieder an dem Punkt 2 in unserer Landkarte gekommen.<\/p>\n<p>Die zweite M\u00f6glichkeit f\u00fcr den Weg mit S-Bahn Nr.26, die f\u00e4hrt in die Stra\u00dfe Bolzanova. Aus dem Hauptbahnhof gehen Sie zu Fuss nach rechts \u00fcber den Park,wo die S-Bahn Station ist. Sie steigen aus in der Station Stra\u0161nice, jetzt sind Sie wieder an der Punkt 2 in unserer Landkarte gekommen.<\/p>\n<\/div>\n<\/p><\/div>\n<p><\/p>\n<h3 class=\"accordion-toggle\"><a href=\"#\">Wenn Sie mit dem Bus auf den Bahnhof Florenc kommen:<\/a><\/h3>\n<div class=\"accordion-container\">\n<div class=\"content-block\">\n<p>\nEbenso wie Zug-Hauptbahnhof, liegt auch Bus Bahnhof Florenc an der Trasse von U-Bahn C. Also eurer Weg  beginnt nur eine Station U-Bahn fr\u00fcher aber sonst ist sie gleich. Stehen sie also in die U-Bahn ein  auf der Station Florenc, und fahren Sie 2 Stationen in der Trasse C in Richtung H\u00e1je auf die Station Muzeum. Dort steigen Sie um an der Trasse A \u2013 die Richtung Skalka und sie steigen aus auf der Station Stra\u0161nick\u00e1, wo sie aussteigen im Punkt unsere Landkarte. <\/p>\n<p>Passen  Sie bitte auf, dass bei Eintritt in die U-Bahn Florenc f\u00fchrt auch die Trasse B und die kann Sie nicht zu uns bringen, Sie m\u00fcssen an die Trasse C einsteigen.<\/p>\n<\/div>\n<\/p><\/div>\n<p><\/p>\n<h3 class=\"accordion-toggle\"><a href=\"#\">Wenn Sie mit dem Flugzeug an den Flughafen V\u00e1clav Havel:<\/a><\/h3>\n<div class=\"accordion-container\">\n<div class=\"content-block\">\n<p>\nBei Benutzung der Verkehrsmittel haben Sie zwei M\u00f6glichkeiten:<\/p>\n<p>Der direkte Bus Nr.100 bis U-Bahn Zli\u010d\u00edn. Fahren Sie mit U-Bahn B bis zur Station M\u016fstek, wo Sie in die Trasse A umsteigen. Weiter fahren Sie in die Recht Skalka und steigen aus auf die Station Stra\u0161nick\u00e1 un Sie sind am Punkt 1 unsere Landkarte.<\/p>\n<p>Sie k\u00f6nnen aber auch aus dem Flughafen mit Bus Nr.119 fahren. Der endet auf V\u00edt\u011bzn\u00e9 n\u00e1m\u011bst\u00ed, wo Sie die U-Bahn Station Dejvick\u00e1 finden. Von hier kommen Sie mit U-Bahn direkt an der Station Stra\u0161nick\u00e1 an und sind Sie sind am Punkt 1 unsere Landkarte.In eine Weile k\u00f6nnen sie sich gem\u00fctlich in  unseren Pension ausruhem.<\/p>\n<p>In der Nacht f\u00e4hrt die U-Bahn nicht, aber Sie k\u00f6nnen die S-Bahn benutzen. Zu uns (und auch von uns) k\u00f6nenn Sie reisen mit der S-Bahn Nr.55, die bringt Euch aus dem Zentrum  in Jind\u0159i\u0161sk\u00e1 Stra\u00dfe zum Stra\u0161nick\u00e1 vozovna, und Sie sind am Punkt 2 unsere Landkarte.<\/p>\n<\/div>\n<\/p><\/div>\n<p><\/p>\n<h3 class=\"accordion-toggle\"><a href=\"#\">Wenn sie mit dem Fahrzeug kommen:<\/a><\/h3>\n<div class=\"accordion-container\">\n<div class=\"content-block\">\n<p>\nEs werde sehr darauf ankommen, woher Sie herkommen. Die Pension liegt vom Centrum in die Richtung Osten. Also zum Beispiel wenn sie kommen aus dem Nordosten Magistrale von Nuselsk\u00fd most (reichts bei National museum rechts abbiegen an die Vinohradsk\u00e1 t\u0159\u00edda und fahren immer gerade aus in die H\u00fcgel. Hinter der Kreuzung \u017delivsk\u00e9ho ungef\u00e4hr der Vinohradsk\u00e9 krematorium ebene biegen Sie links ab in die Stra\u00dfe Po\u010dernick\u00e1. Gleich die erste Kreuzung nehmen Sie rechts in die  Stra\u00dfe N\u00e1zovsk\u00e1 und fahren durch die neuen Wohnblocks. Sie kommen an die Kreuzung mit der Stra\u00dfe Na Palouku, die sie \u00fcberfahren gerade aus und somit sind Sie in das Villenviertel in der Stra\u00dfe ,,Pod Stra\u0161nickou vinic\u00ed\u201c. Sie biegen die erste Stra\u00dfe links ab in die Stra\u00dfe R\u00e9vov\u00e1 und gleich die erste Abbiegung links ist die Stra\u00dfe Na Vinici und schon stehen Sie vor unserer Eckpension. Achtung, Stra\u00dfe R\u00e9vov\u00e1 und Stra\u00dfe Na Vinici sind Einbahnstrassen.<\/p>\n<\/div><\/div>\n<\/p>\n<p>\n<div class=\"clear\"><\/div><\/div><br \/>\n<\/div>\n<p><div class=\"one_half name of animation last_column\"><br \/>\n<div style=\"clear:both; min-height:20px; height:12px;\"><\/div><a href=\"\/wp-content\/uploads\/2015\/12\/mapa-2.jpg\"><img decoding=\"async\" loading=\"lazy\" class=\"img_dajane alignnone wp-image-179 size-full\" src=\"\/wp-content\/uploads\/2015\/12\/mapa-2.jpg\" alt=\"mapa trasy\" width=\"786\" height=\"599\" \/><\/a><\/p>\n<h5>Wir w\u00fcnschen euch eine gl\u00fcckliche Fahrt. :-).<\/h5>\n<p>F\u00fcr das ganze Team Pension Dajane<br \/>\nAnna Ada a Franti\u0161ek Bul\u00edn, die Inhabern<\/p>\n<p><\/div><\/p>","protected":false},"excerpt":{"rendered":"<p>Wie kommen Sie zu uns?<\/p>\n","protected":false},"author":1,"featured_media":0,"parent":0,"menu_order":0,"comment_status":"closed","ping_status":"closed","template":"","meta":[],"_links":{"self":[{"href":"https:\/\/www.dajane.cz\/de\/wp-json\/wp\/v2\/pages\/172"}],"collection":[{"href":"https:\/\/www.dajane.cz\/de\/wp-json\/wp\/v2\/pages"}],"about":[{"href":"https:\/\/www.dajane.cz\/de\/wp-json\/wp\/v2\/types\/page"}],"author":[{"embeddable":true,"href":"https:\/\/www.dajane.cz\/de\/wp-json\/wp\/v2\/users\/1"}],"replies":[{"embeddable":true,"href":"https:\/\/www.dajane.cz\/de\/wp-json\/wp\/v2\/comments?post=172"}],"version-history":[{"count":29,"href":"https:\/\/www.dajane.cz\/de\/wp-json\/wp\/v2\/pages\/172\/revisions"}],"predecessor-version":[{"id":270,"href":"https:\/\/www.dajane.cz\/de\/wp-json\/wp\/v2\/pages\/172\/revisions\/270"}],"wp:attachment":[{"href":"https:\/\/www.dajane.cz\/de\/wp-json\/wp\/v2\/media?parent=172"}],"curies":[{"name":"wp","href":"https:\/\/api.w.org\/{rel}","templated":true}]}}