{"id":160,"date":"2015-12-29T13:29:20","date_gmt":"2015-12-29T12:29:20","guid":{"rendered":"http:\/\/www.dajane.cz\/?page_id=160"},"modified":"2016-01-12T17:51:15","modified_gmt":"2016-01-12T16:51:15","slug":"ubytovaci-rad","status":"publish","type":"page","link":"https:\/\/www.dajane.cz\/de\/ubytovaci-rad\/","title":{"rendered":"Unterkunftsordnung"},"content":{"rendered":"<p>Als PDF zum Download &#8211;\u00a0<a href=\"\/wp-content\/uploads\/2015\/12\/Unterkunftsordnung-appartements-dajane.pdf\">Unterkunftsordnung Appartements Dajane<\/a><\/p>\n<h3>Informationen \u00fcber den Betreiber:<\/h3>\n<p><strong>Betreiber: Anna Ada Bul\u00edn<\/strong><br \/>\n<strong>Adresse des Betriebes: Na Vinici 602\/20<\/strong><br \/>\n<strong>Telefon: +420 773 507 563<\/strong><br \/>\n<strong>Email: penzion@dajane.cz<\/strong><\/p>\n<p><strong>als allgemeine Gesch\u00e4ftsbedingungen des Beherbergungsvertrages nach \u00a7754 und anschlie\u00dfend nach dem B\u00fcrgerlichen Gesetzbuch<\/strong><\/p>\n<p><strong> I. Allgemeine Vertragsbedingungen<\/strong><br \/>\na) Mit der Unterzeichnung des Einquartierten auf der G\u00e4stekarte, weiter nur als Gast bezeichnet, ist zwischen dem Gast und der Pension Dajane, ein Beherbergungsvertrag abgeschlossen nach \u00a7754 und anschlie\u00dfend nach dem B\u00fcrgerlichen Gesetzbuch, und zwar unter den weiter angegebenen Bedingungen.<\/p>\n<p>b) Die Unterkunft ist f\u00fcr das Geld gew\u00e4hrt, der Preis wird auf der Grundlage der Preisliste nach Vereinbarung der Parteien festgelegt und best\u00e4tigt durch die Unterzeichnung auf der G\u00e4stekarte.<\/p>\n<p>F\u00fcr die Unterkunft und alle weitere kostenpflichtige Dienstleistungen verpflichtet sich der Gast bei der Ankunft, nach dem g\u00fcltigen Tarif den Betrag zu bezahlen, allerding Die Rechnung ist gleich bei der \u00dcbergabe f\u00e4llig.<\/p>\n<p><strong>II. Schadensersatz<\/strong><br \/>\na) Im Falle von Sch\u00e4den, die durch Verschulden des Gastes verursacht werden, ist die Pension berechtigt, die Entsch\u00e4digung zu verlangen.<br \/>\nb) Der Gast ist verpflichtet, etwaige Sch\u00e4den in Unterkunftsr\u00e4umen in vollem Umfang zu zahlen, einschlie\u00dflich der Entsch\u00e4digung f\u00fcr entgangenen Gewinn in H\u00f6he der geltenden Unterkunftspreise f\u00fcr den gesamten Zeitraum, in dem das Zimmer stillgelegt wird. Diese Verpflichtung hat der Gast auch im Falle, dass der Schaden durch Kinder oder andere Personen, die mit dem Gast wohnen, verursacht wird.<\/p>\n<p><strong>III. Bestellung\u00a0der Unterkunft<\/strong><br \/>\nAnfragen und Reservierungen k\u00f6nnen per E-Mail, Telefon, pers\u00f6nlich oder schriftlich gemacht werden.<\/p>\n<p><strong> IV. Rechte und Verpflichtungen der G\u00e4ste<\/strong><br \/>\na) Der Gast hat das Recht, die f\u00fcr Unterkunft bestimmten R\u00e4ume zu verwenden. Bei Check-In erh\u00e4lt der Gast den Zimmerschl\u00fcssel. Der Gast ist verpflichtet, diesen nicht zu verlieren und gegen Diebstahl zu sichern. Er darf nicht die Schl\u00fcssel denjenigen Personen leihen, die nicht Unterkunft in der Pension haben. Bei Verlust oder Missbrauch der Schl\u00fcssel ist der Gast verpflichtet, eine Vertragsstrafe in H\u00f6he von 1000 CZK zu bezahlen. Das Recht der Pension, einen Schadenersatz zu verlangen, ist damit nicht aufgel\u00f6st.<\/p>\n<p>b) <u>Der Gast ist verpflichtet<\/u>:<br \/>\n&#8211; den Unterkunftspreis nach der g\u00fcltigen Preisliste zu bezahlen<br \/>\n&#8211; die R\u00e4umlichkeiten f\u00fcr die Unterbringung richtig zu nutzen, das Zimmer sauber und in Ordnung zu halten<br \/>\n&#8211; sich mit der Hausordnung bekannt zu machen und diese Hausordnung einzuhalten<br \/>\n&#8211; Schutz der Betten und Sitzgarnituren vor Verschmutzung<br \/>\n&#8211; unverz\u00fcglich die Notwendigkeit von Reparaturen in den Unterkunftsbereichen anzuzeigen<br \/>\n&#8211; unverz\u00fcglich die Sch\u00e4den anzuzeigen, die er verursachte<br \/>\n&#8211; Der Gast ist verplichtet, sein Zimmer immer abzuschlie\u00df, wenn er es verl\u00e4sst.<br \/>\n&#8211; Am Abreisetag das Zimmer bis 10.00 zu verlassen. Late Check-out muss der Gast einen Tag im Voraus mitteilen. Bei sp\u00e4terer Abreise wird ein Betrag von CZK 200 pro Person berechnet.<br \/>\n&#8211; Die Unterkunft von 14.00 bis 22.00 oder nach Vereinbarung zu beginnen.<\/p>\n<p>c) <u>Der Gast darf nicht ohne Zustimmung des Vermieters<\/u>:<br \/>\n&#8211; wesentliche Ver\u00e4nderungen in der Unterkunft (M\u00f6bel verschieben, u.a.) durchzuf\u00fchren<br \/>\n&#8211; den Raum f\u00fcr die Unterbringung einer anderen Person \u00fcberlassen<br \/>\n&#8211; Besuche im Zimmer empfangen<br \/>\n&#8211; Die Adresse als seinen Gesch\u00e4ftssitz anf\u00fchren.<\/p>\n<p>d) <u>Der Gast darf in der Pension auch nicht<\/u>:<br \/>\n&#8211; Im Zimmer und in den R\u00e4umen der Pension rauchen.<br \/>\n&#8211; Das Zimmer in Ski-und Sportschuhen betreten.<br \/>\n&#8211; Sportger\u00e4te und andere Gegenst\u00e4nde, f\u00fcr deren Aufbewahrung ein anderer Ort reserviert ist, in das Zimmer mitbringen.<br \/>\n&#8211; Eigene elektrische Ger\u00e4te im Zimmer verwenden, mit Ausnahme derjenigen, die f\u00fcr pers\u00f6nliche Hygiene dienen, d.h. Rasierapparate, Massageger\u00e4te, Trockner, u.a. Die G\u00e4ste k\u00f6nnen auch Ger\u00e4te mit geringem Stromverbrauch mitbringen, d.h. die Ger\u00e4te, die ihren pers\u00f6nlichen Bed\u00fcrfnissen dienen, d.h. Laptops, Drucker, Ladeger\u00e4te f\u00fcr Camcorder, Handys, usw.<\/p>\n<p><strong>V. Pflichten der Betreiber<\/strong><br \/>\nDer Betreiber ist verpflichtet, dem Gast den Raum f\u00fcr seine reservierte Unterkunft in einem Zustand zu \u00fcbergeben, der f\u00fcr die ordnungsgem\u00e4\u00dfe Verwendung geeignet ist. Der Betreiber ist auch verpflichtet, dem Gast ungest\u00f6rte Aus\u00fcbung seiner Rechte im Zusammenhang mit der Unterkunft zu sichern.Der Betreiber beseitigt unverz\u00fcglich angemeldete M\u00e4ngel, er ist verantwortlich f\u00fcr den technischen und hygienischen Zustand der Pension.<\/p>\n<p><strong>VI. Fahrzeug und Wertsachen der G\u00e4ste<\/strong><br \/>\nDas Parken von Fahrzeugen der G\u00e4ste ist auf dem eigenen Parkplatz neben dem Haus m\u00f6glich. Den G\u00e4sten wird empfohlen, keinen Schmuck, Geld und andere Wertgegenst\u00e4nde in den Zimmern zu lassen. Die Pension gem\u00e4\u00df \u00a7 434 Abs. 1 des B\u00fcrgerlichen Gesetzbuches haftet nicht f\u00fcr Verluste oder Sch\u00e4den an diesen Dingen. Im B\u00fcro der Pension steht den G\u00e4sten ein gemeinsamer Safe zur Verf\u00fcgung.<\/p>\n<p><strong>VII. Reinigung und Entsorgung<\/strong><br \/>\nW\u00e4hrend des Aufenthalts werden Handt\u00fccher und Badet\u00fccher gewechselt. Die Reinigung des Zimmers wird f\u00fcr Aufenthalte l\u00e4nger als eine Woche und auf Anfrage durchgef\u00fchrt.<\/p>\n<p><strong>VIII. Vyt\u00e1p\u011bn\u00ed ubytovac\u00edho za\u0159\u00edzen\u00ed <\/strong><br \/>\nDie Zimmer werden mit elektrischer Heizung \u00fcber Nachtstrom beheizt. Der Strom wird von der PRE-Gesellschaft, nach internen Richtlinien, 20 Stunden t\u00e4glich im Intervall 6x pro Tag f\u00fcr 40 Minuten geliefert.<br \/>\nPRE f\u00fchrt aus technischen Gr\u00fcnden Ausfall dieses Stromes und das ist in Auszeit, die sich ein bisschen \u00e4ndert. Der Betreiber kann es nicht beeinflussen.<\/p>\n<p>Ungef\u00e4hr Tabelle (Daten in der Tabelle) und Beispiele der Schaltzeiten der Beheizung finden sie hier:<br \/>\n<img decoding=\"async\" loading=\"lazy\" class=\"alignnone wp-image-276 size-full\" src=\"https:\/\/www.dajane.cz\/wp-content\/uploads\/2015\/12\/Tabelle-off-Strom.jpg\" alt=\"Tabelle-off-Strom\" width=\"611\" height=\"344\" srcset=\"https:\/\/www.dajane.cz\/wp-content\/uploads\/2015\/12\/Tabelle-off-Strom.jpg 611w, https:\/\/www.dajane.cz\/wp-content\/uploads\/2015\/12\/Tabelle-off-Strom-300x169.jpg 300w\" sizes=\"(max-width: 611px) 100vw, 611px\" \/><\/p>\n<p>An die Lieferung von warmen Wasser und dem Lauf von anderen elektrischen Ger\u00e4tes hat dieses keinen Einfluss.<\/p>\n<p><strong>IX. Haustiere<\/strong><br \/>\nDas Mitbringen von Haustieren bedarf der Zustimmung der Pensionswirte. Der Gast ist dazu verpflichtet, den Wunsch, ein Haustier mitzubringen, vorab anzuzeigen. Bei Versto\u00dfung ist der Gast verpflichtet, eine Vertragsstrafe in H\u00f6he von 1000 CZK zu bezahlen<\/p>\n<p><strong>X. Reklamation<\/strong><br \/>\nDer Gast hat das Recht, zu reklamieren, wenn die Unterkunft dem vereinbarten Umfang oder Qualit\u00e4t nicht entspricht. Die Reklamation wird nach den g\u00fcltigen Reklamationsregeln f\u00fcr die Bedingungen f\u00fcr die Unterkunft durchgef\u00fchrt. Die Mahnung oder Beschwerde des Gastes muss unverz\u00fcglich angemeldet werden, damit sie gleich beseitigt werden kann. Sollte die Mahnung oder Reklamation des Gastes nicht beseitigt werden, ist es n\u00f6tig, ein Protokol von beiden Parteien anzufertigen.<\/p>\n<p><strong>XI. R\u00fccktritt, Abbestellung, Stornierung<\/strong><br \/>\na) Der Gast hat das Recht, von dem Unterkunftsvertrag zur\u00fcckzutreten. Der R\u00fccktritt vom Vertrag wird nach den Stornobedingungen (siehe Punkt XII) geregelt.<br \/>\nb) Der Betreiber hat das Recht, vom Unterkunftsvertrag zur\u00fcckzutreten, falls der Gast seine Verpflichtungen, die in diesem Vertrag festgelegt sind, grob verletzt oder falls der Gast die guten Sitten grob verletzt.<br \/>\nc) Der R\u00fccktritt von diesem Vertrag muss schriftlich erfolgen und er wird dem zweiten Teilnehmer \u00fcbermittelt.<br \/>\nd) Im Falle des R\u00fcckzugs von dem Vertrag hat die Pension das Recht, den Gast aufzufordern, dass er die Pension verl\u00e4sst.<\/p>\n<p><strong>XII. Storno-Bedingungen<\/strong><br \/>\na) Bei R\u00fccktritt vor Anreise oder Beginns der Dienstleistungen ist der Kunde verpflichtet, die Abfindung zu zahlen:<\/p>\n<p>* Bei einer Stornierung innerhalb von 60 Tagen vor dem Beginn der Unterkunft \u2013 ohne Abfindung<br \/>\n* Bei einer Stornierung innerhalb von 59 bis 30 Tagen vor dem Beginn der Unterkunft werden 25% des \u00dcbernachtungspreises berechnet.<br \/>\n* Bei einer Stornierung innerhalb von 29 bis 10 Tagen vor dem Beginn der Unterkunft werden 50% des \u00dcbernachtungspreises berechnet.<br \/>\n* Bei einer Stornierung innerhalb von 9 bis 0 Tagen vor dem Beginn der Unterkunft werden 100% des \u00dcbernachtungspreises berechnet.<br \/>\n* Bei einer Stornierung einen Tag vor dem Beginn der Unterkunft oder wenn der Gast nicht kommt oder er storniert den Aufenthalt, wird vom Gast in dem reservierten Zeitraum 100% des Gesamtpreises kassiert.<\/p>\n<p>b) Wenn der Gast die Buchung aufgrund h\u00f6herer Gewalt storniert, ist er verpflichtet eine Best\u00e4tigung \u00fcber die h\u00f6here Gewalt vorzulegen.<\/p>\n<p>c) Wenn der Gast bis 22:00 Uhr am Tag des Beginns der Buchung nicht ankommt und er meldet sich nicht, wird die Buchung f\u00fcr storniert gehalten und die Kosten, die mit dem Storno verbunden sind, werden in \u00dcbereinstimmung mit den oben genannten Regeln berechnet.<\/p>\n<p><strong>XIII. Identit\u00e4tsnachweis<\/strong><br \/>\nDie G\u00e4stekarte beinhaltet das Datum von Beginn und Ende der Unterkunft, Name und Vorname, Adresse, Sozialversicherungsnummer, die Nummer vom Personalausweis oder Reisepass f\u00fcr Einschreiben in das Hausbuch. Bei wiederholter Ankunft weist sich der Gast mit der G\u00e4stekarte aus.<\/p>\n<p>&nbsp;<\/p>\n<p>Wir w\u00fcnschen Ihnen einen angenehmen Aufenthalt.<br \/>\nAnna Ada Bul\u00edn, Gesch\u00e4ftsf\u00fchrerin<\/p>","protected":false},"excerpt":{"rendered":"<p>Als PDF zum Download &#8211;\u00a0Unterkunftsordnung Appartements Dajane Informationen \u00fcber den Betreiber: Betreiber: Anna Ada Bul\u00edn Adresse des Betriebes: Na Vinici 602\/20 Telefon: +420 773 507 563 Email: penzion@dajane.cz als allgemeine Gesch\u00e4ftsbedingungen des Beherbergungsvertrages nach \u00a7754 und anschlie\u00dfend nach dem B\u00fcrgerlichen&#8230; <\/p>\n","protected":false},"author":1,"featured_media":0,"parent":0,"menu_order":0,"comment_status":"closed","ping_status":"closed","template":"","meta":[],"_links":{"self":[{"href":"https:\/\/www.dajane.cz\/de\/wp-json\/wp\/v2\/pages\/160"}],"collection":[{"href":"https:\/\/www.dajane.cz\/de\/wp-json\/wp\/v2\/pages"}],"about":[{"href":"https:\/\/www.dajane.cz\/de\/wp-json\/wp\/v2\/types\/page"}],"author":[{"embeddable":true,"href":"https:\/\/www.dajane.cz\/de\/wp-json\/wp\/v2\/users\/1"}],"replies":[{"embeddable":true,"href":"https:\/\/www.dajane.cz\/de\/wp-json\/wp\/v2\/comments?post=160"}],"version-history":[{"count":16,"href":"https:\/\/www.dajane.cz\/de\/wp-json\/wp\/v2\/pages\/160\/revisions"}],"predecessor-version":[{"id":277,"href":"https:\/\/www.dajane.cz\/de\/wp-json\/wp\/v2\/pages\/160\/revisions\/277"}],"wp:attachment":[{"href":"https:\/\/www.dajane.cz\/de\/wp-json\/wp\/v2\/media?parent=160"}],"curies":[{"name":"wp","href":"https:\/\/api.w.org\/{rel}","templated":true}]}}