{"id":137,"date":"2015-12-29T12:53:06","date_gmt":"2015-12-29T11:53:06","guid":{"rendered":"http:\/\/www.dajane.cz\/?page_id=137"},"modified":"2020-01-20T15:30:24","modified_gmt":"2020-01-20T14:30:24","slug":"apartman-3","status":"publish","type":"page","link":"https:\/\/www.dajane.cz\/de\/apartman-3\/","title":{"rendered":"Appartement Nr. 3"},"content":{"rendered":"<p><div class=\"one_half name of animation\"><\/p>\n<p><img decoding=\"async\" loading=\"lazy\" class=\"alignnone wp-image-35 size-medium\" src=\"\/wp-content\/uploads\/2015\/12\/apartment_3_1-300x225.jpg\" alt=\"apartment_2_1\" width=\"300\" height=\"225\" \/><\/p>\n<p><\/div><\/p>\n<div class=\"one_half name of animation last_column\">\n<h3>Austattung von Pension Dajane<\/h3>\n<ul>\n<li>Fernsehen<\/li>\n<li>eingerichtete K\u00fcche<\/li>\n<li>Dusche \/ WC<\/li>\n<li>Haartrockner<\/li>\n<li>WLAN steht kostenfrei zur Verf\u00fcgung<\/li>\n<\/ul>\n<p><\/div><br \/>\n<div class=\"clear\"><\/div><\/p>\n<p>Appartement Nr.3 bietet Unterkunft f\u00fcr zwei Personen mit die M\u00f6glichkeit Einzelbett. Appartement besteht aus Fernseher, komplett ausgestattete K\u00fcche mit Haushaltsger\u00e4ten, selbstst\u00e4ndige Badezimmer, ausgestattet mit Haartrockner. WLAN ist an dem Zimmer nutzbar und kostenfrei. Es liegt im 1. Stock.<\/p>\n<p>Die Pension Dajane ist eine familiengef\u00fchrtes Pension in einem ruhigen Prager Viertel zwischen Vinohrady und Stra\u0161nice. Die Haltestelle der Stra\u00dfenbahn ist in 4 Minuten per Fussweg erreichbar, von dort zum Zentrum von Prag 10 Minuten Fahrt.<\/p>\n<h3>Galerie<\/h3>\n<p><\/p>","protected":false},"excerpt":{"rendered":"<p>Appartement Nr.3 bietet Unterkunft f\u00fcr zwei Personen mit die M\u00f6glichkeit Einzelbett. Appartement besteht aus Fernseher, komplett ausgestattete K\u00fcche mit Haushaltsger\u00e4ten, selbstst\u00e4ndige Badezimmer, ausgestattet mit Haartrockner. WLAN ist an dem Zimmer nutzbar und kostenfrei. Es liegt im 1. Stock. Die Pension&#8230; <\/p>\n","protected":false},"author":1,"featured_media":0,"parent":0,"menu_order":0,"comment_status":"closed","ping_status":"closed","template":"template-right-sidebar.php","meta":[],"_links":{"self":[{"href":"https:\/\/www.dajane.cz\/de\/wp-json\/wp\/v2\/pages\/137"}],"collection":[{"href":"https:\/\/www.dajane.cz\/de\/wp-json\/wp\/v2\/pages"}],"about":[{"href":"https:\/\/www.dajane.cz\/de\/wp-json\/wp\/v2\/types\/page"}],"author":[{"embeddable":true,"href":"https:\/\/www.dajane.cz\/de\/wp-json\/wp\/v2\/users\/1"}],"replies":[{"embeddable":true,"href":"https:\/\/www.dajane.cz\/de\/wp-json\/wp\/v2\/comments?post=137"}],"version-history":[{"count":11,"href":"https:\/\/www.dajane.cz\/de\/wp-json\/wp\/v2\/pages\/137\/revisions"}],"predecessor-version":[{"id":349,"href":"https:\/\/www.dajane.cz\/de\/wp-json\/wp\/v2\/pages\/137\/revisions\/349"}],"wp:attachment":[{"href":"https:\/\/www.dajane.cz\/de\/wp-json\/wp\/v2\/media?parent=137"}],"curies":[{"name":"wp","href":"https:\/\/api.w.org\/{rel}","templated":true}]}}