{"id":11,"date":"2015-12-18T15:53:56","date_gmt":"2015-12-18T14:53:56","guid":{"rendered":"http:\/\/www.dajane.cz\/?page_id=11"},"modified":"2024-11-22T16:49:28","modified_gmt":"2024-11-22T15:49:28","slug":"cenik","status":"publish","type":"page","link":"https:\/\/www.dajane.cz\/de\/cenik\/","title":{"rendered":"Preisliste"},"content":{"rendered":"<p><img decoding=\"async\" loading=\"lazy\" class=\"wp-image-94 size-full alignleft\" src=\"\/wp-content\/uploads\/2015\/12\/cenik.jpg\" alt=\"Price list\" width=\"213\" height=\"264\" \/><\/p>\n<p><div class=\"pricing_table pcol4\">\n<div class=\"price_col \" style=\"background-color:#373838 !important;\">\n<div class=\"th\">APPARTEMENTS<\/div>\n<div class=\"td\">Appartement &#8211; <span style=\"font-size: x-small;\">besetzt mit eine Person<\/span><\/div>\n<div class=\"td\">Appartement &#8211; <span style=\"font-size: x-small;\">besetzt mit zwei Personen<\/span><\/div>\n<div class=\"td\">Einzelbett<\/div>\n<div class=\"td\">Bei nur einer \u00dcbernachtung Festpreis<\/div>\n<\/div><\/p>\n<div class=\"price_col highlight\" style=\"background-color:#3099d3 !important;\">\n<div class=\"th\">SAISON<\/div>\n<div class=\"td\">1300,- Kronen\/Nacht<\/div>\n<div class=\"td\">1600,- Kronen\/Nacht<\/div>\n<div class=\"td\">500,- Kronen\/Nacht<\/div>\n<div class=\"td\">2400,- Kronen\/Wohnung<\/div>\n<\/div>\n<div class=\"price_col \" >\n<div class=\"th\">EXTRA SAISON<\/div>\n<div class=\"td\">1600,- Kronen\/Nacht<\/div>\n<div class=\"td\">1900,- Kronen\/Nacht<\/div>\n<div class=\"td\">600,- Kronen\/Nacht<\/div>\n<div class=\"td\">2800,- Kronen\/Wohnung<\/div>\n<\/div>\n<p><div class=\"clear\"><\/div><\/div><br \/>\n<div class=\"msg-info\"><div class=\"msg-box-icon\"><\/p>\n<p><strong>F\u00fcr Firmen und Langzeitunterk\u00fcnfte Sonderpreise auf Anfrage.<\/strong><\/p>\n<p>Extra Saison- Weihnachten ab 22.12. bis 2.1. und Ostern ab Montag bis Montag.<br \/>\nDer Preis f\u00fcr die Unterkunft nicht beinhaltet eine Geb\u00fchr f\u00fcr die Unterkunftskapazit\u00e4t f\u00fcr Prag 10 in H\u00f6he von 50 CZK \/ Person \/ Nacht.<\/div><\/div><\/p>","protected":false},"excerpt":{"rendered":"","protected":false},"author":1,"featured_media":0,"parent":0,"menu_order":0,"comment_status":"closed","ping_status":"closed","template":"","meta":[],"_links":{"self":[{"href":"https:\/\/www.dajane.cz\/de\/wp-json\/wp\/v2\/pages\/11"}],"collection":[{"href":"https:\/\/www.dajane.cz\/de\/wp-json\/wp\/v2\/pages"}],"about":[{"href":"https:\/\/www.dajane.cz\/de\/wp-json\/wp\/v2\/types\/page"}],"author":[{"embeddable":true,"href":"https:\/\/www.dajane.cz\/de\/wp-json\/wp\/v2\/users\/1"}],"replies":[{"embeddable":true,"href":"https:\/\/www.dajane.cz\/de\/wp-json\/wp\/v2\/comments?post=11"}],"version-history":[{"count":115,"href":"https:\/\/www.dajane.cz\/de\/wp-json\/wp\/v2\/pages\/11\/revisions"}],"predecessor-version":[{"id":426,"href":"https:\/\/www.dajane.cz\/de\/wp-json\/wp\/v2\/pages\/11\/revisions\/426"}],"wp:attachment":[{"href":"https:\/\/www.dajane.cz\/de\/wp-json\/wp\/v2\/media?parent=11"}],"curies":[{"name":"wp","href":"https:\/\/api.w.org\/{rel}","templated":true}]}}